{"id":22363,"date":"2026-04-12T20:01:31","date_gmt":"2026-04-12T18:01:31","guid":{"rendered":"https:\/\/anagrafe.mlnv.org\/main\/?page_id=22363"},"modified":"2026-04-12T20:01:31","modified_gmt":"2026-04-12T18:01:31","slug":"rdn-specifico","status":"publish","type":"page","link":"http:\/\/anagrafe.mlnv.org\/main\/rdn-specifico\/","title":{"rendered":"RDN -SPECIFICO"},"content":{"rendered":"<p><span style=\"font-family: 'book antiqua', palatino, serif;\"><strong>COS\u2019\u00c8 IL RIGETTO DI NOTIFICA (RDN)<\/strong><img loading=\"lazy\" decoding=\"async\" class=\"alignright wp-image-2691 size-medium\" src=\"http:\/\/anagrafe.mlnv.org\/main\/wp-content\/uploads\/2019\/12\/25087010_s-300x156.jpg\" alt=\"\" width=\"300\" height=\"156\" srcset=\"http:\/\/anagrafe.mlnv.org\/main\/wp-content\/uploads\/2019\/12\/25087010_s-300x156.jpg 300w, http:\/\/anagrafe.mlnv.org\/main\/wp-content\/uploads\/2019\/12\/25087010_s-768x400.jpg 768w, http:\/\/anagrafe.mlnv.org\/main\/wp-content\/uploads\/2019\/12\/25087010_s.jpg 959w\" sizes=\"auto, (max-width: 300px) 100vw, 300px\" \/><\/span><br \/>\n<span style=\"font-family: 'book antiqua', palatino, serif;\">Il Rigetto di Notifica (RDN) \u00e8 un atto formale mediante il quale il Cittadino autodeterminato del Popolo Veneto esprime il proprio dissenso giuridico-politico rispetto a pretese, atti o provvedimenti provenienti dalle autorit\u00e0 italiane.<\/span><br \/>\n<span style=\"font-family: 'book antiqua', palatino, serif;\">Nell\u2019ambito dell\u2019Ordinamento Giuridico Veneto Provvisorio (OGVP), il RDN costituisce:<\/span><\/p>\n<ol style=\"list-style-type: upper-alpha;\">\n<li><span style=\"font-family: 'book antiqua', palatino, serif;\">atto di sovranit\u00e0 personale;<\/span><\/li>\n<li><span style=\"font-family: 'book antiqua', palatino, serif;\">espressione del diritto all\u2019autodeterminazione dei Popoli;<\/span><\/li>\n<li><span style=\"font-family: 'book antiqua', palatino, serif;\">dichiarazione di non riconoscimento della legittimit\u00e0 storica e giuridica dello Stato italiano sui Territori della Repubblica de Venethia;<\/span><\/li>\n<li><span style=\"font-family: 'book antiqua', palatino, serif;\">atto di opposizione formale fondato su principi di diritto internazionale, diritti fondamentali della persona e continuit\u00e0 storica.<\/span><br \/>\n<span style=\"font-family: 'book antiqua', palatino, serif;\">Ogni RDN contiene:<\/span><\/li>\n<li><span style=\"font-family: 'book antiqua', palatino, serif;\">contestazione puntuale dell\u2019atto ricevuto;<\/span><\/li>\n<li><span style=\"font-family: 'book antiqua', palatino, serif;\">individuazione del soggetto notificante;<\/span><\/li>\n<li><span style=\"font-family: 'book antiqua', palatino, serif;\">eventuale diffida e messa in mora;<\/span><\/li>\n<li><span style=\"font-family: 'book antiqua', palatino, serif;\">richiesta di iscrizione a ruolo giudiziario presso il Governo Veneto Provvisorio (GVP).<\/span><\/li>\n<\/ol>\n<hr \/>\n<p><span style=\"font-family: 'book antiqua', palatino, serif;\">AMBITO DI EFFICACIA<strong><br \/>\n<\/strong>Il RDN \u00e8 atto valido nell\u2019ambito dell\u2019ordinamento giuridico affermato dal MLNV-GVP e rappresenta la posizione giuridico-politica del Cittadino autodeterminato.<\/span><\/p>\n<hr \/>\n<p><span style=\"background-color: #ffffff; font-family: 'book antiqua', palatino, serif;\"><strong>Il RDN non si configura come ricorso o strumento procedurale nell\u2019ordinamento italiano e non produce effetti automatici riconosciuti dall\u2019ordinamento italiano, n\u00e9 sostituisce eventuali obblighi materiali previsti da tale sistema.<\/strong><\/span><\/p>\n<hr \/>\n<p><span style=\"background-color: #ffffff; font-family: 'book antiqua', palatino, serif;\">PRINCIPIO DELL\u2019AGIRE \u201cIN ONORE\u201d<strong><br \/>\n<\/strong>Il MLNV-GVP richiama ogni Cittadino autodeterminato ad agire \u201cin onore\u201d, valutando in coscienza la propria posizione e adempiendo ai doveri materiali connessi a servizi essenziali o a sanzioni ritenute onestamente giuste.<\/span><br \/>\n<span style=\"background-color: #ffffff; font-family: 'book antiqua', palatino, serif;\">Il RDN:<strong data-start=\"1864\" data-end=\"1921\">non \u00e8 strumento per sottrarsi agli obblighi materiali<\/strong>, ma atto di dissenso consapevole e testimonianza identitaria.<\/span><\/p>\n<hr \/>\n<p><span style=\"font-family: 'book antiqua', palatino, serif;\">CHIAREZZA VERSO I CITTADINI<strong><br \/>\n<\/strong>Il MLNV-GVP non \u00e8 uno studio legale e non fornisce tutela giuridica nell\u2019ambito dell\u2019ordinamento italiano.<\/span><br data-start=\"2139\" data-end=\"2142\" \/><span style=\"font-family: 'book antiqua', palatino, serif;\">L\u2019RDN non deve essere inteso come mezzo per evitare pagamenti o per bloccare automaticamente effetti amministrativi.<\/span><br \/>\n<span style=\"font-family: 'book antiqua', palatino, serif;\"><img loading=\"lazy\" decoding=\"async\" class=\"alignleft wp-image-22247 size-medium\" src=\"http:\/\/anagrafe.mlnv.org\/main\/wp-content\/uploads\/2026\/02\/00-MIA-FIRMA-UFFICIALE-300x105.png\" alt=\"\" width=\"300\" height=\"105\" srcset=\"http:\/\/anagrafe.mlnv.org\/main\/wp-content\/uploads\/2026\/02\/00-MIA-FIRMA-UFFICIALE-300x105.png 300w, http:\/\/anagrafe.mlnv.org\/main\/wp-content\/uploads\/2026\/02\/00-MIA-FIRMA-UFFICIALE-768x269.png 768w, http:\/\/anagrafe.mlnv.org\/main\/wp-content\/uploads\/2026\/02\/00-MIA-FIRMA-UFFICIALE.png 944w\" sizes=\"auto, (max-width: 300px) 100vw, 300px\" \/><\/span><\/p>\n<p>&nbsp;<\/p>\n<p>&nbsp;<\/p>\n<p><span style=\"font-family: 'book antiqua', palatino, serif;\"><strong><span style=\"color: #993366;\"><em><span style=\"background-color: #ffffff;\">Prima di compilare il presente form inviare l&#8217;atto per cui si fa il RDN in un unico formato pdf tramite il modulo <a href=\"https:\/\/anagrafe.mlnv.org\/main\/estremi-atti-per-cui-si-chiede-il-rdn\/\" target=\"_blank\" rel=\"noopener\">ESTREMI ATTI PER CUI SI FA IL RDN<\/a> o, nel caso\u00a0 non si riesca, all&#8217;indirizzo <a style=\"color: #993366; background-color: #ffffff;\" href=\"mailto:info@mlnv.org\">info@mlnv.org<\/a> facendo riferimento al codice unico del presente RDN\u00a0<\/span><\/em><\/span><\/strong><\/span><\/p>\n<hr \/>\n<p style=\"text-align: center;\"><strong><span style=\"font-family: 'book antiqua', palatino, serif; font-size: 14pt;\"><a href=\"https:\/\/anagrafe.mlnv.org\/main\/enti-italiani-indirizzi-utili\/\" target=\"_blank\" rel=\"noopener\">INDIRIZZI ED E-MAIL DI ENTI FORESTI<\/a><\/span><\/strong><\/p>\n<hr \/>\n<p><span style=\"background-color: #ffffff; font-family: 'book antiqua', palatino, serif;\">ATTENZIONE:<\/span><\/p>\n<ol>\n<li><span style=\"font-family: 'book antiqua', palatino, serif;\"><span style=\"background-color: #ffffff;\">nel caso non sia riscontrabile la data di formazione dell&#8217;atto, alla voce DATA FORMAZIONE ATTO specificare: <strong>NON RISCONTRABILE<\/strong> e alla voce MOTIVAZIONI EXTRA del presente modulo copia e incolla le seguenti precisazioni:<br \/>\n<\/span><em><strong><span style=\"background-color: #ffffff;\">La comunicazione risulta altres\u00ec priva di data di formazione, elemento essenziale per la validit\u00e0 e l\u2019efficacia dell\u2019atto, rendendo impossibile la verifica dei termini e della sua imputabilit\u00e0 temporale<\/span><\/strong><\/em><\/span><\/li>\n<li><span style=\"font-family: 'book antiqua', palatino, serif;\"><span style=\"background-color: #ffffff;\">Nel caso non sia riscontrabile la firma dell&#8217;atto, alla voce A FIRMA DI specificare: <strong>NON RISCONTRABILE <\/strong>e alla voce MOTIVAZIONI EXTRA del presente modulo copia e incolla le seguenti precisazioni:<br \/>\n<\/span><strong><em>Si rileva inoltre che le comunicazioni pervenute risultano prive di sottoscrizione, indicazione del funzionario responsabile e di qualunque elemento di imputabilit\u00e0 amministrativa, risultando pertanto inidonee a qualificarsi come atti o provvedimenti.<\/em><\/strong><\/span><\/li>\n<li><span style=\"background-color: #ffffff; font-family: 'book antiqua', palatino, serif;\">Nel caso non sia stata rilasciata una relata di notifica, alla voce DATA NOTIFICA specificare: <strong>NON RISCONTRABILE PER MANCATO RIASCIO VERBALE DI NOTIFICA.<\/strong> e alla voce MOTIVAZIONI EXTRA del presente modulo copia e incolla le seguenti precisazioni:<br \/>\n<strong>Si contesta il mancato rilascio e\/o l\u2019omessa esibizione della relata di notifica, documento indispensabile per attestare le modalit\u00e0, la data e il soggetto notificante. In assenza di tale elemento, non risulta dimostrato il perfezionamento della notificazione n\u00e9 la legittima decorrenza di eventuali termini, con conseguente difetto di prova della rituale comunicazione dell\u2019atto.<\/strong><\/span><\/li>\n<li><span style=\"font-family: 'book antiqua', palatino, serif;\">Nel caso si riscontrassero la mancanza di tutti e tre gli elementi sopraindicati , alla voce MOTIVAZIONI EXTRA del presente modulo copia e incolla le seguenti precisazioni:<\/span><br \/>\n<span style=\"font-family: 'book antiqua', palatino, serif;\"><strong>Si rileva che la comunicazione pervenuta risulta priva degli elementi formali essenziali richiesti per la qualificazione quale atto amministrativo valido ed efficace.<br \/>\nIn particolare:<\/strong><\/span><br \/>\n<span style=\"font-family: 'book antiqua', palatino, serif;\"><strong>\u2013 manca la sottoscrizione e l\u2019indicazione del funzionario responsabile, con conseguente difetto di imputabilit\u00e0 amministrativa;<\/strong><\/span><br \/>\n<span style=\"font-family: 'book antiqua', palatino, serif;\"><strong>\u2013 risulta assente la data di formazione dell\u2019atto, impedendo l\u2019individuazione del momento di adozione e la verifica della decorrenza dei termini procedimentali e decadenziali;<\/strong><\/span><br \/>\n<span style=\"font-family: 'book antiqua', palatino, serif;\"><strong>\u2013 non \u00e8 stata rilasciata n\u00e9 esibita la relata o verbale di notifica, elemento indispensabile per attestare le modalit\u00e0 e il perfezionamento della notificazione.<\/strong><\/span><br \/>\n<span style=\"font-family: 'book antiqua', palatino, serif;\"><strong>Tali carenze determinano incertezza circa la provenienza, la regolarit\u00e0 procedimentale e la conoscibilit\u00e0 giuridica dell\u2019atto, rendendolo inidoneo a produrre effetti validi ed opponibili.<\/strong><\/span><\/li>\n<\/ol>\n<p>&nbsp;<\/p>\n<hr \/>\n<p style=\"text-align: left;\">Ho letto e confermato la: <a href=\"https:\/\/www.mlnv.org\/main\/213685-2\/\" target=\"_blank\" rel=\"noopener\">POLITEGA SU LA PRIVACY DEL SITO<\/a><\/p>\n<hr \/>\n\n<div class=\"wpcf7 no-js\" id=\"wpcf7-f22171-o1\" lang=\"it-IT\" dir=\"ltr\" data-wpcf7-id=\"22171\">\n<div class=\"screen-reader-response\"><p role=\"status\" aria-live=\"polite\" aria-atomic=\"true\"><\/p> <ul><\/ul><\/div>\n<form action=\"\/main\/wp-json\/wp\/v2\/pages\/22363#wpcf7-f22171-o1\" method=\"post\" class=\"wpcf7-form init\" aria-label=\"Modulo di contatto\" novalidate=\"novalidate\" data-status=\"init\">\n<fieldset class=\"hidden-fields-container\"><input type=\"hidden\" name=\"_wpcf7\" value=\"22171\" \/><input type=\"hidden\" name=\"_wpcf7_version\" value=\"6.1.5\" \/><input type=\"hidden\" name=\"_wpcf7_locale\" value=\"it_IT\" \/><input type=\"hidden\" name=\"_wpcf7_unit_tag\" value=\"wpcf7-f22171-o1\" \/><input type=\"hidden\" name=\"_wpcf7_container_post\" value=\"0\" \/><input type=\"hidden\" name=\"_wpcf7_posted_data_hash\" value=\"\" \/><input type=\"hidden\" name=\"rsmfcf7_session\" value=\"45206955-f24c-4722-85c1-f683dabfa824\" \/>\n<\/fieldset>\n<p>Ho dato il mio consenso (vedi sopra): <span class=\"wpcf7-form-control-wrap\" data-name=\"acceptance-751\"><span class=\"wpcf7-form-control wpcf7-acceptance optional\"><span class=\"wpcf7-list-item\"><input type=\"checkbox\" name=\"acceptance-751\" value=\"1\" aria-invalid=\"false\" \/><\/span><\/span><\/span><br \/>\nPosizione contributiva: <span class=\"wpcf7-form-control-wrap\" data-name=\"CONTRIBUTI\"><select class=\"wpcf7-form-control wpcf7-select\" aria-invalid=\"false\" name=\"CONTRIBUTI\"><option value=\"ESONERATO\/A\">ESONERATO\/A<\/option><option value=\"AGGIORNATA\">AGGIORNATA<\/option><option value=\"PROVVEDO QUANTO PRIMA\">PROVVEDO QUANTO PRIMA<\/option><option value=\"NON SO\">NON SO<\/option><\/select><\/span>\n<\/p>\n<p>REFERENTE: scrivere ME STESSO\/A se non c'\u00e8 un'altra persona che fa il rigetto per voi (maiuscolo) <span class=\"wpcf7-form-control-wrap\" data-name=\"REFERENTE\"><input size=\"40\" maxlength=\"400\" class=\"wpcf7-form-control wpcf7-text wpcf7-validates-as-required\" aria-required=\"true\" aria-invalid=\"false\" value=\"\" type=\"text\" name=\"REFERENTE\" \/><\/span>\n<\/p>\n<div title=\"IL CODICE UNICO NON PU\u00d2 ESSERE CAMBIATO\n\nSE NON COMPARE AGGIORNA LA PAGINA WEB\">\n\t<p>Ecco il codice unico assegnato per questa registrazione: <span class=\"wpcf7-form-control-wrap\" data-name=\"CODICEASSEGNATO\"><input size=\"40\" maxlength=\"400\" class=\"wpcf7-form-control wpcf7-text wpcf7-validates-as-required\" id=\"stampa_codice\" readonly=\"readonly\" aria-required=\"true\" aria-invalid=\"false\" value=\"\" type=\"text\" name=\"CODICEASSEGNATO\" \/><\/span>\n\t<\/p>\n<\/div>\n<table>\n\t<tbody>\n\t\t<tr>\n\t\t<\/tr>\n\t\t<tr>\n\t\t\t<td style=\"border: none;\" align=\"left\">\n\t\t\t\t<p>DATA COMPILAZIONE: ANNO.MESE.GIORNO (es.2026.02.24)\n\t\t\t\t<\/p>\n\t\t\t<\/td>\n\t\t\t<td style=\"border: none;\">\n\t\t\t\t<p><strong><span class=\"wpcf7-form-control-wrap\" data-name=\"DATA\"><input size=\"40\" maxlength=\"400\" class=\"wpcf7-form-control wpcf7-text\" aria-invalid=\"false\" value=\"\" type=\"text\" name=\"DATA\" \/><\/span><\/strong>\n\t\t\t\t<\/p>\n\t\t\t<\/td>\n\t\t<\/tr>\n\t\t<tr>\n\t\t\t<td style=\"border: none;\" align=\"left\">\n\t\t\t\t<p>in nome e per conto di\n\t\t\t\t<\/p>\n\t\t\t<\/td>\n\t\t<\/tr>\n\t\t<tr>\n\t\t\t<td style=\"border: none;\" align=\"left\">\n\t\t\t\t<p>NOME\n\t\t\t\t<\/p>\n\t\t\t<\/td>\n\t\t\t<td style=\"border: none;\">\n\t\t\t\t<p><strong><span class=\"wpcf7-form-control-wrap\" data-name=\"NOME\"><input size=\"40\" maxlength=\"400\" class=\"wpcf7-form-control wpcf7-text wpcf7-validates-as-required\" aria-required=\"true\" aria-invalid=\"false\" value=\"\" type=\"text\" name=\"NOME\" \/><\/span><\/strong>\n\t\t\t\t<\/p>\n\t\t\t<\/td>\n\t\t<\/tr>\n\t\t<tr>\n\t\t\t<td style=\"border: none;\" align=\"left\">\n\t\t\t\t<p>COGNOME\n\t\t\t\t<\/p>\n\t\t\t<\/td>\n\t\t\t<td style=\"border: none;\">\n\t\t\t\t<p><strong><span class=\"wpcf7-form-control-wrap\" data-name=\"COGNOME\"><input size=\"40\" maxlength=\"400\" class=\"wpcf7-form-control wpcf7-text wpcf7-validates-as-required\" aria-required=\"true\" aria-invalid=\"false\" value=\"\" type=\"text\" name=\"COGNOME\" \/><\/span><\/strong>\n\t\t\t\t<\/p>\n\t\t\t<\/td>\n\t\t<\/tr>\n\t\t<tr>\n\t\t\t<td style=\"border: none;\" align=\"left\">\n\t\t\t\t<p>CUP PERSONALE\n\t\t\t\t<\/p>\n\t\t\t<\/td>\n\t\t\t<td style=\"border: none;\">\n\t\t\t\t<p><strong><span class=\"wpcf7-form-control-wrap\" data-name=\"CODICEUNICOPERSONALE\"><input size=\"40\" maxlength=\"400\" class=\"wpcf7-form-control wpcf7-text wpcf7-validates-as-required\" aria-required=\"true\" aria-invalid=\"false\" value=\"\" type=\"text\" name=\"CODICEUNICOPERSONALE\" \/><\/span><\/strong>\n\t\t\t\t<\/p>\n\t\t\t<\/td>\n\t\t<\/tr>\n\t\t<tr>\n\t\t\t<td style=\"border: none;\" align=\"left\">\n\t\t\t\t<p>SESSO\n\t\t\t\t<\/p>\n\t\t\t<\/td>\n\t\t\t<td style=\"border: none;\">\n\t\t\t\t<p><strong><span class=\"wpcf7-form-control-wrap\" data-name=\"SESSO\"><span class=\"wpcf7-form-control wpcf7-checkbox wpcf7-validates-as-required\"><span class=\"wpcf7-list-item first\"><input type=\"checkbox\" name=\"SESSO[]\" value=\"M\" \/><span class=\"wpcf7-list-item-label\">M<\/span><\/span><span class=\"wpcf7-list-item last\"><input type=\"checkbox\" name=\"SESSO[]\" value=\"F\" \/><span class=\"wpcf7-list-item-label\">F<\/span><\/span><\/span><\/span><\/strong>\n\t\t\t\t<\/p>\n\t\t\t<\/td>\n\t\t<\/tr>\n\t\t<tr>\n\t\t\t<td style=\"border: none;\" align=\"left\">\n\t\t\t\t<p>DATA DI NASCITA\n\t\t\t\t<\/p>\n\t\t\t<\/td>\n\t\t\t<td style=\"border: none;\">\n\t\t\t\t<p><strong><span class=\"wpcf7-form-control-wrap\" data-name=\"DATADINASCITA\"><input size=\"40\" maxlength=\"400\" class=\"wpcf7-form-control wpcf7-text wpcf7-validates-as-required\" aria-required=\"true\" aria-invalid=\"false\" value=\"\" type=\"text\" name=\"DATADINASCITA\" \/><\/span><\/strong>\n\t\t\t\t<\/p>\n\t\t\t<\/td>\n\t\t<\/tr>\n\t\t<tr>\n\t\t\t<td style=\"border: none;\" align=\"left\">\n\t\t\t\t<p>E-MAIL (minusc.)\n\t\t\t\t<\/p>\n\t\t\t<\/td>\n\t\t\t<td style=\"border: none;\">\n\t\t\t\t<p><strong><span class=\"wpcf7-form-control-wrap\" data-name=\"TUAEMAIL\"><input size=\"40\" maxlength=\"400\" class=\"wpcf7-form-control wpcf7-email wpcf7-validates-as-required wpcf7-text wpcf7-validates-as-email\" aria-required=\"true\" aria-invalid=\"false\" value=\"\" type=\"email\" name=\"TUAEMAIL\" \/><\/span><\/strong>\n\t\t\t\t<\/p>\n\t\t\t<\/td>\n\t\t\t<table>\n\t\t\t\t<tbody>\n\t\t\t\t\t<tr>\n\t\t\t\t\t<\/tr>\n\t\t\t\t\t<tr>\n\t\t\t\t\t\t<td style=\"border: none;\" align=\"left\">\n\t\t\t\t\t\t\t<p>TIPO DI ATTO\n\t\t\t\t\t\t\t<\/p>\n\t\t\t\t\t\t<\/td>\n\t\t\t\t\t\t<td style=\"border: none;\">\n\t\t\t\t\t\t\t<p><strong><span class=\"wpcf7-form-control-wrap\" data-name=\"TIPOATTODARIGETTARE\"><input size=\"40\" maxlength=\"400\" class=\"wpcf7-form-control wpcf7-text wpcf7-validates-as-required\" aria-required=\"true\" aria-invalid=\"false\" value=\"\" type=\"text\" name=\"TIPOATTODARIGETTARE\" \/><\/span><\/strong>\n\t\t\t\t\t\t\t<\/p>\n\t\t\t\t\t\t<\/td>\n\t\t\t\t\t<\/tr>\n\t\t\t\t\t<tr>\n\t\t\t\t\t\t<td style=\"border: none;\" align=\"left\">\n\t\t\t\t\t\t\t<p>DATA FORMAZIONE ATTO\n\t\t\t\t\t\t\t<\/p>\n\t\t\t\t\t\t<\/td>\n\t\t\t\t\t\t<td style=\"border: none;\">\n\t\t\t\t\t\t\t<p><strong><span class=\"wpcf7-form-control-wrap\" data-name=\"DATAFORMAZIONEATTO\"><input size=\"40\" maxlength=\"400\" class=\"wpcf7-form-control wpcf7-text wpcf7-validates-as-required\" aria-required=\"true\" aria-invalid=\"false\" value=\"\" type=\"text\" name=\"DATAFORMAZIONEATTO\" \/><\/span><\/strong>\n\t\t\t\t\t\t\t<\/p>\n\t\t\t\t\t\t<\/td>\n\t\t\t\t\t<\/tr>\n\t\t\t\t\t<tr>\n\t\t\t\t\t\t<td style=\"border: none;\" align=\"left\">\n\t\t\t\t\t\t\t<p>NR. O CODICE ATTO\n\t\t\t\t\t\t\t<\/p>\n\t\t\t\t\t\t<\/td>\n\t\t\t\t\t\t<td style=\"border: none;\">\n\t\t\t\t\t\t\t<p><strong><span class=\"wpcf7-form-control-wrap\" data-name=\"CODICEATTO\"><input size=\"40\" maxlength=\"400\" class=\"wpcf7-form-control wpcf7-text wpcf7-validates-as-required\" aria-required=\"true\" aria-invalid=\"false\" value=\"\" type=\"text\" name=\"CODICEATTO\" \/><\/span><\/strong>\n\t\t\t\t\t\t\t<\/p>\n\t\t\t\t\t\t<\/td>\n\t\t\t\t\t<\/tr>\n\t\t\t\t\t<tr>\n\t\t\t\t\t\t<td style=\"border: none;\" align=\"left\">\n\t\t\t\t\t\t\t<p>ENTE EMITTENTE\n\t\t\t\t\t\t\t<\/p>\n\t\t\t\t\t\t<\/td>\n\t\t\t\t\t\t<td style=\"border: none;\">\n\t\t\t\t\t\t\t<p><strong><span class=\"wpcf7-form-control-wrap\" data-name=\"AUTORITAEMITTENTE\"><input size=\"40\" maxlength=\"400\" class=\"wpcf7-form-control wpcf7-text wpcf7-validates-as-required\" aria-required=\"true\" aria-invalid=\"false\" value=\"\" type=\"text\" name=\"AUTORITAEMITTENTE\" \/><\/span><\/strong>\n\t\t\t\t\t\t\t<\/p>\n\t\t\t\t\t\t<\/td>\n\t\t\t\t\t<\/tr>\n\t\t\t\t\t<tr>\n\t\t\t\t\t\t<td style=\"border: none;\" align=\"left\">\n\t\t\t\t\t\t\t<p>A FIRMA DI\n\t\t\t\t\t\t\t<\/p>\n\t\t\t\t\t\t<\/td>\n\t\t\t\t\t\t<td style=\"border: none;\">\n\t\t\t\t\t\t\t<p><strong><span class=\"wpcf7-form-control-wrap\" data-name=\"PERSONACHEHAFIRMATO\"><input size=\"40\" maxlength=\"400\" class=\"wpcf7-form-control wpcf7-text wpcf7-validates-as-required\" aria-required=\"true\" aria-invalid=\"false\" value=\"\" type=\"text\" name=\"PERSONACHEHAFIRMATO\" \/><\/span><\/strong>\n\t\t\t\t\t\t\t<\/p>\n\t\t\t\t\t\t<\/td>\n\t\t\t\t\t<\/tr>\n\t\t\t\t\t<tr>\n\t\t\t\t\t\t<td style=\"border: none;\" align=\"left\">\n\t\t\t\t\t\t\t<p>INDIRIZZO ENTE\n\t\t\t\t\t\t\t<\/p>\n\t\t\t\t\t\t<\/td>\n\t\t\t\t\t\t<td style=\"border: none;\">\n\t\t\t\t\t\t\t<p><strong><span class=\"wpcf7-form-control-wrap\" data-name=\"INDIRIZZOEMITTENTE\"><input size=\"40\" maxlength=\"400\" class=\"wpcf7-form-control wpcf7-text wpcf7-validates-as-required\" aria-required=\"true\" aria-invalid=\"false\" value=\"\" type=\"text\" name=\"INDIRIZZOEMITTENTE\" \/><\/span><\/strong>\n\t\t\t\t\t\t\t<\/p>\n\t\t\t\t\t\t<\/td>\n\t\t\t\t\t<\/tr>\n\t\t\t\t\t<tr>\n\t\t\t\t\t\t<td style=\"border: none;\" align=\"left\">\n\t\t\t\t\t\t\t<p>E-MAIL ENTE\n\t\t\t\t\t\t\t<\/p>\n\t\t\t\t\t\t<\/td>\n\t\t\t\t\t\t<td style=\"border: none;\">\n\t\t\t\t\t\t\t<p><strong><span class=\"wpcf7-form-control-wrap\" data-name=\"EMAILEMITTENTE\"><input size=\"40\" maxlength=\"400\" class=\"wpcf7-form-control wpcf7-email wpcf7-text wpcf7-validates-as-email\" aria-invalid=\"false\" value=\"\" type=\"email\" name=\"EMAILEMITTENTE\" \/><\/span><\/strong>\n\t\t\t\t\t\t\t<\/p>\n\t\t\t\t\t\t<\/td>\n\t\t\t\t\t<\/tr>\n\t\t\t\t\t<tr>\n\t\t\t\t\t\t<td style=\"border: none;\" align=\"left\">\n\t\t\t\t\t\t\t<p>DATA NOTIFICA\n\t\t\t\t\t\t\t<\/p>\n\t\t\t\t\t\t<\/td>\n\t\t\t\t\t\t<td style=\"border: none;\">\n\t\t\t\t\t\t\t<p><strong><span class=\"wpcf7-form-control-wrap\" data-name=\"DATADINOTIFICA\"><input size=\"40\" maxlength=\"400\" class=\"wpcf7-form-control wpcf7-text\" aria-invalid=\"false\" value=\"\" type=\"text\" name=\"DATADINOTIFICA\" \/><\/span><\/strong>\n\t\t\t\t\t\t\t<\/p>\n\t\t\t\t\t\t<\/td>\n\t\t\t\t\t<\/tr>\n\t\t\t\t\t<tr>\n\t\t\t\t\t\t<td style=\"border: none;\" align=\"left\">\n\t\t\t\t\t\t\t<p>NOTIFICATORE\n\t\t\t\t\t\t\t<\/p>\n\t\t\t\t\t\t<\/td>\n\t\t\t\t\t\t<td style=\"border: none;\">\n\t\t\t\t\t\t\t<p><strong><span class=\"wpcf7-form-control-wrap\" data-name=\"STRUMENTODINOTIFICA\"><input size=\"40\" maxlength=\"400\" class=\"wpcf7-form-control wpcf7-text\" aria-invalid=\"false\" value=\"\" type=\"text\" name=\"STRUMENTODINOTIFICA\" \/><\/span><\/strong>\n\t\t\t\t\t\t\t<\/p>\n\t\t\t\t\t\t<\/td>\n\t\t\t\t\t<\/tr>\n\t\t\t\t\t<tr>\n\t\t\t\t\t\t<td style=\"border: none;\" align=\"left\">\n\t\t\t\t\t\t\t<p>CONTESTAZIONE SPECIFICA DEL CASO\n\t\t\t\t\t\t\t<\/p>\n\t\t\t\t\t\t<\/td>\n\t\t\t\t\t\t<td style=\"border: none;\">\n\t\t\t\t\t\t\t<p><strong><span class=\"wpcf7-form-control-wrap\" data-name=\"MOTIVIPERSONALI\"><textarea cols=\"40\" rows=\"10\" maxlength=\"50000\" class=\"wpcf7-form-control wpcf7-textarea\" aria-invalid=\"false\" name=\"MOTIVIPERSONALI\"><\/textarea><\/span><\/strong>\n\t\t\t\t\t\t\t<\/p>\n\t\t\t\t\t\t<\/td>\n\t\t\t\t\t<\/tr>\n\t\t\t\t\t<tr>\n\t\t\t\t\t\t<td style=\"border: none;\" align=\"left\">\n\t\t\t\t\t\t\t<p>INVIA --->\n\t\t\t\t\t\t\t<\/p>\n\t\t\t\t\t\t<\/td>\n\t\t\t\t\t\t<td style=\"border: none;\">\n\t\t\t\t\t\t\t<p><strong><input class=\"wpcf7-form-control wpcf7-submit has-spinner\" type=\"submit\" value=\"INVIA IL RIGETTO\" \/><\/strong>\n\t\t\t\t\t\t\t<\/p>\n\t\t\t\t\t\t<\/td>\n\t\t\t\t\t<\/tr>\n\t\t\t\t<\/tbody>\n\t\t\t<\/table>\n\t\t<\/tr>\n\t<\/tbody>\n<\/table><p style=\"display: none !important;\" class=\"akismet-fields-container\" data-prefix=\"_wpcf7_ak_\"><label>&#916;<textarea name=\"_wpcf7_ak_hp_textarea\" cols=\"45\" rows=\"8\" maxlength=\"100\"><\/textarea><\/label><input type=\"hidden\" id=\"ak_js_1\" name=\"_wpcf7_ak_js\" value=\"150\"\/><script>document.getElementById( \"ak_js_1\" ).setAttribute( \"value\", ( new Date() ).getTime() );<\/script><\/p><div class=\"wpcf7-response-output\" aria-hidden=\"true\"><\/div>\n<\/form>\n<\/div>\n\n","protected":false},"excerpt":{"rendered":"<p>COS\u2019\u00c8 IL RIGETTO DI NOTIFICA (RDN) Il Rigetto di Notifica (RDN) \u00e8 un atto formale mediante il quale il Cittadino autodeterminato del Popolo Veneto esprime il proprio dissenso giuridico-politico rispetto a pretese, atti o provvedimenti provenienti dalle autorit\u00e0 italiane. Nell\u2019ambito dell\u2019Ordinamento Giuridico Veneto Provvisorio (OGVP), il RDN costituisce: atto di sovranit\u00e0 personale; espressione del diritto [&hellip;]<\/p>\n","protected":false},"author":1,"featured_media":0,"parent":0,"menu_order":0,"comment_status":"closed","ping_status":"closed","template":"","meta":{"inline_featured_image":false,"footnotes":""},"class_list":["post-22363","page","type-page","status-publish","hentry"],"_links":{"self":[{"href":"http:\/\/anagrafe.mlnv.org\/main\/wp-json\/wp\/v2\/pages\/22363","targetHints":{"allow":["GET"]}}],"collection":[{"href":"http:\/\/anagrafe.mlnv.org\/main\/wp-json\/wp\/v2\/pages"}],"about":[{"href":"http:\/\/anagrafe.mlnv.org\/main\/wp-json\/wp\/v2\/types\/page"}],"author":[{"embeddable":true,"href":"http:\/\/anagrafe.mlnv.org\/main\/wp-json\/wp\/v2\/users\/1"}],"replies":[{"embeddable":true,"href":"http:\/\/anagrafe.mlnv.org\/main\/wp-json\/wp\/v2\/comments?post=22363"}],"version-history":[{"count":1,"href":"http:\/\/anagrafe.mlnv.org\/main\/wp-json\/wp\/v2\/pages\/22363\/revisions"}],"predecessor-version":[{"id":22364,"href":"http:\/\/anagrafe.mlnv.org\/main\/wp-json\/wp\/v2\/pages\/22363\/revisions\/22364"}],"wp:attachment":[{"href":"http:\/\/anagrafe.mlnv.org\/main\/wp-json\/wp\/v2\/media?parent=22363"}],"curies":[{"name":"wp","href":"https:\/\/api.w.org\/{rel}","templated":true}]}}