{"id":3487,"date":"2020-03-27T19:16:05","date_gmt":"2020-03-27T18:16:05","guid":{"rendered":"http:\/\/anagrafe.mlnv.org\/main\/?page_id=3487"},"modified":"2025-11-27T10:59:51","modified_gmt":"2025-11-27T09:59:51","slug":"primo-corso-formazone-basica-uficiale-de-polisia-giudixiria","status":"publish","type":"page","link":"http:\/\/anagrafe.mlnv.org\/main\/primo-corso-formazone-basica-uficiale-de-polisia-giudixiria\/","title":{"rendered":"1^ CORSO &#8211; FORMAZONE BASICA PER UFICIALE DE POLISIA GIUDIXIRIA"},"content":{"rendered":"<p>&nbsp;<\/p>\n<p><img loading=\"lazy\" decoding=\"async\" class=\"wp-image-21338 aligncenter\" src=\"http:\/\/anagrafe.mlnv.org\/main\/wp-content\/uploads\/2023\/08\/20-MLNV-GVP-POLISIA-300x300.png\" alt=\"\" width=\"200\" height=\"200\" srcset=\"http:\/\/anagrafe.mlnv.org\/main\/wp-content\/uploads\/2023\/08\/20-MLNV-GVP-POLISIA-300x300.png 300w, http:\/\/anagrafe.mlnv.org\/main\/wp-content\/uploads\/2023\/08\/20-MLNV-GVP-POLISIA-1024x1024.png 1024w, http:\/\/anagrafe.mlnv.org\/main\/wp-content\/uploads\/2023\/08\/20-MLNV-GVP-POLISIA-150x150.png 150w, http:\/\/anagrafe.mlnv.org\/main\/wp-content\/uploads\/2023\/08\/20-MLNV-GVP-POLISIA-768x767.png 768w, http:\/\/anagrafe.mlnv.org\/main\/wp-content\/uploads\/2023\/08\/20-MLNV-GVP-POLISIA-1536x1534.png 1536w, http:\/\/anagrafe.mlnv.org\/main\/wp-content\/uploads\/2023\/08\/20-MLNV-GVP-POLISIA.png 1606w\" sizes=\"auto, (max-width: 200px) 100vw, 200px\" \/><\/p>\n<p style=\"text-align: justify;\">Questo \u00e8 il modulo per chiedere di partecipare al 1^ corso basico per Uficiali de Polisia Giudixiaria della specialit\u00e0 de la Polisia Nasionale, messa poi a disposizione della competente Autorit\u00e0 Giudixiaria de la Venethia.<br \/>\nIn particolare per ora vogliamo formare i ranghi di Uficiali di Polisia Giudixiaria de la <a href=\"http:\/\/polisia.mlnv.org\/main\/divisione-federale-investigativa\/\" target=\"_blank\" rel=\"noopener\">DIVISIONE FEDERALE INVESTIGATIVA<\/a> da metere a disposizione de la <a href=\"https:\/\/www.mlnv.org\/main_gov\/corti-di-giustizia\/\" target=\"_blank\" rel=\"noopener\">CORTE DE JUSTIXIA FEDERALE<\/a> e che avranno in particolare competenza sulle indagini per delitti contro la Nazione e il Popolo Veneto.<br \/>\nSi prega di compilare in ogni parte il presente form, seguiranno ulteriori informazioni.<\/p>\n\n<div class=\"wpcf7 no-js\" id=\"wpcf7-f20769-o1\" lang=\"it-IT\" dir=\"ltr\" data-wpcf7-id=\"20769\">\n<div class=\"screen-reader-response\"><p role=\"status\" aria-live=\"polite\" aria-atomic=\"true\"><\/p> <ul><\/ul><\/div>\n<form action=\"\/main\/wp-json\/wp\/v2\/pages\/3487#wpcf7-f20769-o1\" method=\"post\" class=\"wpcf7-form init\" aria-label=\"Modulo di contatto\" novalidate=\"novalidate\" data-status=\"init\">\n<fieldset class=\"hidden-fields-container\"><input type=\"hidden\" name=\"_wpcf7\" value=\"20769\" \/><input type=\"hidden\" name=\"_wpcf7_version\" value=\"6.1.5\" \/><input type=\"hidden\" name=\"_wpcf7_locale\" value=\"it_IT\" \/><input type=\"hidden\" name=\"_wpcf7_unit_tag\" value=\"wpcf7-f20769-o1\" \/><input type=\"hidden\" name=\"_wpcf7_container_post\" value=\"0\" \/><input type=\"hidden\" name=\"_wpcf7_posted_data_hash\" value=\"\" \/><input type=\"hidden\" name=\"rsmfcf7_session\" value=\"975cb0ef-c546-40a8-9941-940a7dd7f57d\" \/>\n<\/fieldset>\n<div title=\"IL CODICE UNICO NON PU\u00d2 ESSERE CAMBIATO&#13;&#10;&#13;&#10;SE NON COMPARE AGGIORNA LA PAGINA WEB\">\n\t<p>Per prima cosa, eccoti il codice unico assegnato per questa registrazione: <span class=\"wpcf7-form-control-wrap\" data-name=\"CODICEASSEGNATO\"><input size=\"40\" maxlength=\"400\" class=\"wpcf7-form-control wpcf7-text wpcf7-validates-as-required\" id=\"stampa_codice\" readonly=\"readonly\" aria-required=\"true\" aria-invalid=\"false\" value=\"\" type=\"text\" name=\"CODICEASSEGNATO\" \/><\/span>\n\t<\/p>\n<\/div>\n<p><i>All'occorrenza puoi cliccare <button class=\"btn btn-primary btn-block\" onclick=\"copyToClipboard()\"><i>copia<\/i><\/button> per copiare il codice unico negli appunti e incollarlo altrove.<\/i><br \/>\n----------------------------------------------------------------------------------------------------------------------------------------\n<\/p>\n<p>DATA COMPILAZIONE: <span class=\"wpcf7-form-control-wrap\" data-name=\"DATACOMPILAZIONE\"><input class=\"wpcf7-form-control wpcf7-date wpcf7-validates-as-required wpcf7-validates-as-date\" aria-required=\"true\" aria-invalid=\"false\" value=\"2026-04-30\" type=\"date\" name=\"DATACOMPILAZIONE\" \/><\/span>\n<\/p>\n<p><strong>ASPIRANTE<\/strong>\n<\/p>\n<p>NOME<strong><span class=\"wpcf7-form-control-wrap\" data-name=\"NOME\"><input size=\"40\" maxlength=\"400\" class=\"wpcf7-form-control wpcf7-text wpcf7-validates-as-required\" aria-required=\"true\" aria-invalid=\"false\" value=\"\" type=\"text\" name=\"NOME\" \/><\/span><\/strong> COGNOME <strong><span class=\"wpcf7-form-control-wrap\" data-name=\"COGNOME\"><input size=\"40\" maxlength=\"400\" class=\"wpcf7-form-control wpcf7-text wpcf7-validates-as-required\" aria-required=\"true\" aria-invalid=\"false\" value=\"\" type=\"text\" name=\"COGNOME\" \/><\/span><\/strong> CODICE UNICO PERSONALE <strong><span class=\"wpcf7-form-control-wrap\" data-name=\"CODICEUNICOPERSONALE\"><input size=\"40\" maxlength=\"400\" class=\"wpcf7-form-control wpcf7-text wpcf7-validates-as-required\" aria-required=\"true\" aria-invalid=\"false\" value=\"\" type=\"text\" name=\"CODICEUNICOPERSONALE\" \/><\/span><\/strong>SESSO <strong><span class=\"wpcf7-form-control-wrap\" data-name=\"SESSO\"><span class=\"wpcf7-form-control wpcf7-checkbox wpcf7-validates-as-required\"><span class=\"wpcf7-list-item first\"><input type=\"checkbox\" name=\"SESSO[]\" value=\"M\" \/><span class=\"wpcf7-list-item-label\">M<\/span><\/span><span class=\"wpcf7-list-item last\"><input type=\"checkbox\" name=\"SESSO[]\" value=\"F\" \/><span class=\"wpcf7-list-item-label\">F<\/span><\/span><\/span><\/span><\/strong>\n<\/p>\n<p> PATERNITA' <span class=\"wpcf7-form-control-wrap\" data-name=\"PATERNITA\"><input size=\"40\" maxlength=\"400\" class=\"wpcf7-form-control wpcf7-text wpcf7-validates-as-required\" aria-required=\"true\" aria-invalid=\"false\" value=\"\" type=\"text\" name=\"PATERNITA\" \/><\/span> MATERNITA' <span class=\"wpcf7-form-control-wrap\" data-name=\"MATERNITA\"><input size=\"40\" maxlength=\"400\" class=\"wpcf7-form-control wpcf7-text wpcf7-validates-as-required\" aria-required=\"true\" aria-invalid=\"false\" value=\"\" type=\"text\" name=\"MATERNITA\" \/><\/span> VOSTRA DATA DI NASCITA <span class=\"wpcf7-form-control-wrap\" data-name=\"DATADINASCITA\"><input size=\"40\" maxlength=\"400\" class=\"wpcf7-form-control wpcf7-text wpcf7-validates-as-required\" aria-required=\"true\" aria-invalid=\"false\" value=\"\" type=\"text\" name=\"DATADINASCITA\" \/><\/span> DISTRETTO DI NASCITA (ex Comune) <span class=\"wpcf7-form-control-wrap\" data-name=\"DISTRETTODINASCITA\"><input size=\"40\" maxlength=\"400\" class=\"wpcf7-form-control wpcf7-text wpcf7-validates-as-required\" aria-required=\"true\" aria-invalid=\"false\" value=\"\" type=\"text\" name=\"DISTRETTODINASCITA\" \/><\/span> CONTEA NASCITA (ex provincia) <strong><span class=\"wpcf7-form-control-wrap\" data-name=\"CONTEA\"><input size=\"40\" maxlength=\"400\" class=\"wpcf7-form-control wpcf7-text wpcf7-validates-as-required\" aria-required=\"true\" aria-invalid=\"false\" value=\"\" type=\"text\" name=\"CONTEA\" \/><\/span> <\/strong> INDIRIZZO DI RESIDENSA <strong><span class=\"wpcf7-form-control-wrap\" data-name=\"INDIRIZZODIRESIDENZA\"><input size=\"40\" maxlength=\"400\" class=\"wpcf7-form-control wpcf7-text wpcf7-validates-as-required\" aria-required=\"true\" aria-invalid=\"false\" value=\"\" type=\"text\" name=\"INDIRIZZODIRESIDENZA\" \/><\/span><\/strong> DISTRETTO DI RESIDENZA <strong><span class=\"wpcf7-form-control-wrap\" data-name=\"DISTRETTODIRESIDENZA\"><input size=\"40\" maxlength=\"400\" class=\"wpcf7-form-control wpcf7-text wpcf7-validates-as-required\" aria-required=\"true\" aria-invalid=\"false\" value=\"\" type=\"text\" name=\"DISTRETTODIRESIDENZA\" \/><\/span><\/strong><br \/>\nCONTEA DI RESIDENZA <strong><span class=\"wpcf7-form-control-wrap\" data-name=\"CONTEADIRESIDENZA\"><input size=\"40\" maxlength=\"400\" class=\"wpcf7-form-control wpcf7-text wpcf7-validates-as-required\" aria-required=\"true\" aria-invalid=\"false\" value=\"\" type=\"text\" name=\"CONTEADIRESIDENZA\" \/><\/span><\/strong> EMAIL PERSONALE <strong><span class=\"wpcf7-form-control-wrap\" data-name=\"TUAEMAIL\"><input size=\"40\" maxlength=\"400\" class=\"wpcf7-form-control wpcf7-email wpcf7-validates-as-required wpcf7-text wpcf7-validates-as-email\" aria-required=\"true\" aria-invalid=\"false\" value=\"\" type=\"email\" name=\"TUAEMAIL\" \/><\/span><\/strong> TELEFONO PERSONALE <strong><span class=\"wpcf7-form-control-wrap\" data-name=\"TELEFONO\"><input size=\"40\" maxlength=\"400\" class=\"wpcf7-form-control wpcf7-text wpcf7-validates-as-required\" aria-required=\"true\" aria-invalid=\"false\" value=\"\" type=\"text\" name=\"TELEFONO\" \/><\/span> <\/strong>\n<\/p>\n<p>PRESENTATI IN POCHE PAROLE:(potete scrivere in corsivo minuscolo)<br \/>\n<strong><span class=\"wpcf7-form-control-wrap\" data-name=\"MOTIVIPERSONALI\"><textarea cols=\"40\" rows=\"10\" maxlength=\"2000\" class=\"wpcf7-form-control wpcf7-textarea\" aria-invalid=\"false\" name=\"MOTIVIPERSONALI\"><\/textarea><\/span> <\/strong>\n<\/p>\n<p><input class=\"wpcf7-form-control wpcf7-submit has-spinner\" type=\"submit\" value=\"INVIA\" \/>\n<\/p><p style=\"display: none !important;\" class=\"akismet-fields-container\" data-prefix=\"_wpcf7_ak_\"><label>&#916;<textarea name=\"_wpcf7_ak_hp_textarea\" cols=\"45\" rows=\"8\" maxlength=\"100\"><\/textarea><\/label><input type=\"hidden\" id=\"ak_js_1\" name=\"_wpcf7_ak_js\" value=\"103\"\/><script type=\"text\/javascript\">\n\/* <![CDATA[ *\/\ndocument.getElementById( \"ak_js_1\" ).setAttribute( \"value\", ( new Date() ).getTime() );\n\/* ]]> *\/\n<\/script>\n<\/p><div class=\"wpcf7-response-output\" aria-hidden=\"true\"><\/div>\n<\/form>\n<\/div>\n\n","protected":false},"excerpt":{"rendered":"<p>&nbsp; Questo \u00e8 il modulo per chiedere di partecipare al 1^ corso basico per Uficiali de Polisia Giudixiaria della specialit\u00e0 de la Polisia Nasionale, messa poi a disposizione della competente Autorit\u00e0 Giudixiaria de la Venethia. In particolare per ora vogliamo formare i ranghi di Uficiali di Polisia Giudixiaria de la DIVISIONE FEDERALE INVESTIGATIVA da metere [&hellip;]<\/p>\n","protected":false},"author":1,"featured_media":0,"parent":0,"menu_order":0,"comment_status":"closed","ping_status":"closed","template":"","meta":{"inline_featured_image":false,"footnotes":""},"class_list":["post-3487","page","type-page","status-publish","hentry"],"_links":{"self":[{"href":"http:\/\/anagrafe.mlnv.org\/main\/wp-json\/wp\/v2\/pages\/3487","targetHints":{"allow":["GET"]}}],"collection":[{"href":"http:\/\/anagrafe.mlnv.org\/main\/wp-json\/wp\/v2\/pages"}],"about":[{"href":"http:\/\/anagrafe.mlnv.org\/main\/wp-json\/wp\/v2\/types\/page"}],"author":[{"embeddable":true,"href":"http:\/\/anagrafe.mlnv.org\/main\/wp-json\/wp\/v2\/users\/1"}],"replies":[{"embeddable":true,"href":"http:\/\/anagrafe.mlnv.org\/main\/wp-json\/wp\/v2\/comments?post=3487"}],"version-history":[{"count":11,"href":"http:\/\/anagrafe.mlnv.org\/main\/wp-json\/wp\/v2\/pages\/3487\/revisions"}],"predecessor-version":[{"id":21340,"href":"http:\/\/anagrafe.mlnv.org\/main\/wp-json\/wp\/v2\/pages\/3487\/revisions\/21340"}],"wp:attachment":[{"href":"http:\/\/anagrafe.mlnv.org\/main\/wp-json\/wp\/v2\/media?parent=3487"}],"curies":[{"name":"wp","href":"https:\/\/api.w.org\/{rel}","templated":true}]}}